{"id":9555,"date":"2015-07-08T15:09:28","date_gmt":"2015-07-08T14:09:28","guid":{"rendered":"http:\/\/www.ranasstall.se\/?page_id=9555"},"modified":"2024-06-17T07:17:53","modified_gmt":"2024-06-17T06:17:53","slug":"oh-right-on","status":"publish","type":"page","link":"https:\/\/www.ranasstall.se\/?page_id=9555","title":{"rendered":"H\u00e4starna"},"content":{"rendered":"\n<p>H\u00e4r kommer en presentation av g\u00e5rdens h\u00e4star.<\/p>\n\n\n\n<p>Empire<\/p>\n\n\n\n<p>Rocky<\/p>\n\n\n\n<p>Manolo<\/p>\n\n\n\n<p>Alice Deejay<\/p>\n\n\n\n<p>Azalea<\/p>\n\n\n\n<p>Oh So Great<\/p>\n\n\n\n<p>Gryets Golden Daim<\/p>\n\n\n\n<p>Oh Zelenskyj<\/p>\n\n\n\n<p><\/p>\n","protected":false},"excerpt":{"rendered":"<p>H\u00e4r kommer en presentation av g\u00e5rdens h\u00e4star. Empire Rocky Manolo Alice Deejay Azalea Oh So Great Gryets Golden Daim Oh Zelenskyj<\/p>\n","protected":false},"author":2,"featured_media":0,"parent":0,"menu_order":1,"comment_status":"closed","ping_status":"closed","template":"","meta":{"footnotes":""},"class_list":["post-9555","page","type-page","status-publish","hentry"],"_links":{"self":[{"href":"https:\/\/www.ranasstall.se\/index.php?rest_route=\/wp\/v2\/pages\/9555","targetHints":{"allow":["GET"]}}],"collection":[{"href":"https:\/\/www.ranasstall.se\/index.php?rest_route=\/wp\/v2\/pages"}],"about":[{"href":"https:\/\/www.ranasstall.se\/index.php?rest_route=\/wp\/v2\/types\/page"}],"author":[{"embeddable":true,"href":"https:\/\/www.ranasstall.se\/index.php?rest_route=\/wp\/v2\/users\/2"}],"replies":[{"embeddable":true,"href":"https:\/\/www.ranasstall.se\/index.php?rest_route=%2Fwp%2Fv2%2Fcomments&post=9555"}],"version-history":[{"count":6,"href":"https:\/\/www.ranasstall.se\/index.php?rest_route=\/wp\/v2\/pages\/9555\/revisions"}],"predecessor-version":[{"id":18729,"href":"https:\/\/www.ranasstall.se\/index.php?rest_route=\/wp\/v2\/pages\/9555\/revisions\/18729"}],"wp:attachment":[{"href":"https:\/\/www.ranasstall.se\/index.php?rest_route=%2Fwp%2Fv2%2Fmedia&parent=9555"}],"curies":[{"name":"wp","href":"https:\/\/api.w.org\/{rel}","templated":true}]}}