{"id":8963,"date":"2015-02-23T16:53:10","date_gmt":"2015-02-23T15:53:10","guid":{"rendered":"http:\/\/www.ranasstall.se\/?page_id=8963"},"modified":"2022-02-14T15:44:13","modified_gmt":"2022-02-14T14:44:13","slug":"anlaggningsskiss","status":"publish","type":"page","link":"https:\/\/www.ranasstall.se\/?page_id=8963","title":{"rendered":"Anl\u00e4ggningsskiss"},"content":{"rendered":"<p>N\u00e4r du kommer, k\u00f6r runt det vita stallet. Parkering sker p\u00e5 andra sidan.<\/p>\n<p>Vatten finns i stallet.<\/p>\n<p>Toalett finns i den lilla kuren vid ridhusets l\u00e5ngsida..<\/p>\n<p><a href=\"https:\/\/www.ranasstall.se\/wp-content\/uploads\/Anl\u00e4ggningsskiss2.jpg\"><img loading=\"lazy\" decoding=\"async\" class=\"alignleft size-medium wp-image-8964\" src=\"https:\/\/www.ranasstall.se\/wp-content\/uploads\/Anl\u00e4ggningsskiss2-300x233.jpg\" alt=\"Anl\u00e4ggningsskiss2\" width=\"300\" height=\"233\" srcset=\"https:\/\/www.ranasstall.se\/wp-content\/uploads\/Anl\u00e4ggningsskiss2-300x233.jpg 300w, https:\/\/www.ranasstall.se\/wp-content\/uploads\/Anl\u00e4ggningsskiss2.jpg 550w\" sizes=\"auto, (max-width: 300px) 100vw, 300px\" \/><\/a><\/p>\n","protected":false},"excerpt":{"rendered":"<p>N\u00e4r du kommer, k\u00f6r runt det vita stallet. Parkering sker p\u00e5 andra sidan. Vatten finns i stallet. Toalett finns i den lilla kuren vid ridhusets l\u00e5ngsida..<\/p>\n","protected":false},"author":2,"featured_media":0,"parent":0,"menu_order":99,"comment_status":"closed","ping_status":"closed","template":"","meta":{"footnotes":""},"class_list":["post-8963","page","type-page","status-publish","hentry"],"_links":{"self":[{"href":"https:\/\/www.ranasstall.se\/index.php?rest_route=\/wp\/v2\/pages\/8963","targetHints":{"allow":["GET"]}}],"collection":[{"href":"https:\/\/www.ranasstall.se\/index.php?rest_route=\/wp\/v2\/pages"}],"about":[{"href":"https:\/\/www.ranasstall.se\/index.php?rest_route=\/wp\/v2\/types\/page"}],"author":[{"embeddable":true,"href":"https:\/\/www.ranasstall.se\/index.php?rest_route=\/wp\/v2\/users\/2"}],"replies":[{"embeddable":true,"href":"https:\/\/www.ranasstall.se\/index.php?rest_route=%2Fwp%2Fv2%2Fcomments&post=8963"}],"version-history":[{"count":7,"href":"https:\/\/www.ranasstall.se\/index.php?rest_route=\/wp\/v2\/pages\/8963\/revisions"}],"predecessor-version":[{"id":16203,"href":"https:\/\/www.ranasstall.se\/index.php?rest_route=\/wp\/v2\/pages\/8963\/revisions\/16203"}],"wp:attachment":[{"href":"https:\/\/www.ranasstall.se\/index.php?rest_route=%2Fwp%2Fv2%2Fmedia&parent=8963"}],"curies":[{"name":"wp","href":"https:\/\/api.w.org\/{rel}","templated":true}]}}