{"id":5689,"date":"2012-11-16T18:39:00","date_gmt":"2012-11-16T17:39:00","guid":{"rendered":"http:\/\/www.ranasstall.se\/?page_id=5689"},"modified":"2013-11-13T17:22:40","modified_gmt":"2013-11-13T16:22:40","slug":"coaching","status":"publish","type":"page","link":"https:\/\/www.ranasstall.se\/?page_id=5689","title":{"rendered":"Coaching"},"content":{"rendered":"<p>P\u00e5 senare \u00e5r har jag intresserat mig mycket f\u00f6r coaching och jag \u00e4r en coachande tr\u00e4nare. Vintern 2012 blev jag Certifierad NLP Practitioner Trainer. \u00a0NLP utg\u00e5r ifr\u00e5n att du har alla de resurser du beh\u00f6ver f\u00f6r att utvecklas och n\u00e5 dit du vill.<\/p>\n<p>Med hj\u00e4lp av NLP tekniker f\u00e5r du hj\u00e4lp att anv\u00e4nda dina sinnen och din hj\u00e4rna f\u00f6r att n\u00e5 det du vill ha ut av livet.<\/p>\n<p>&nbsp;<\/p>\n<p><a href=\"https:\/\/www.ranasstall.se\/wp-content\/uploads\/IMG_0999.jpg\"><img loading=\"lazy\" decoding=\"async\" class=\"alignleft size-medium wp-image-4560\" title=\"IMG_0999\" alt=\"\" src=\"https:\/\/www.ranasstall.se\/wp-content\/uploads\/IMG_0999-300x221.jpg\" width=\"300\" height=\"221\" srcset=\"https:\/\/www.ranasstall.se\/wp-content\/uploads\/IMG_0999-300x221.jpg 300w, https:\/\/www.ranasstall.se\/wp-content\/uploads\/IMG_0999-1024x755.jpg 1024w, https:\/\/www.ranasstall.se\/wp-content\/uploads\/IMG_0999.jpg 1038w\" sizes=\"auto, (max-width: 300px) 100vw, 300px\" \/><\/a><\/p>\n<p>Om du vill veta mer om NLP kan du l\u00e4sa p\u00e5 <a href=\"http:\/\/www.coach2coach.se\/\">coach2coach hemsida.<\/a><\/p>\n<p>&nbsp;<\/p>\n<p>Kursledare och inspirat\u00f6rer till mig i min coachning \u00e4r.<\/p>\n<p><a href=\"https:\/\/www.ranasstall.se\/wp-content\/uploads\/kjellindex2.jpg\"><img loading=\"lazy\" decoding=\"async\" class=\"alignleft size-full wp-image-7104\" alt=\"kjellindex\" src=\"https:\/\/www.ranasstall.se\/wp-content\/uploads\/kjellindex2.jpg\" width=\"73\" height=\"78\" \/><\/a>Kjell Enhager.<\/p>\n<p><a href=\"https:\/\/www.ranasstall.se\/wp-content\/uploads\/FILE0000265.jpg\"><img loading=\"lazy\" decoding=\"async\" class=\"alignleft size-full wp-image-7106\" alt=\"FILE0000265\" src=\"https:\/\/www.ranasstall.se\/wp-content\/uploads\/FILE0000265.jpg\" width=\"175\" height=\"175\" srcset=\"https:\/\/www.ranasstall.se\/wp-content\/uploads\/FILE0000265.jpg 175w, https:\/\/www.ranasstall.se\/wp-content\/uploads\/FILE0000265-150x150.jpg 150w\" sizes=\"auto, (max-width: 175px) 100vw, 175px\" \/><\/a>Magnus Kull<\/p>\n<p>De \u00e4r b\u00e5da oerh\u00f6rt bra, roande att lyssna p\u00e5, inspirerande f\u00f6rel\u00e4sare. Det \u00e4r sp\u00e4nnande att f\u00e5 arbeta i deras anda.<\/p>\n<p><a href=\"https:\/\/www.ranasstall.se\/wp-content\/uploads\/coach2coach-omoss.jpg\"><img loading=\"lazy\" decoding=\"async\" class=\"alignleft size-medium wp-image-7109\" alt=\"coach2coach-omoss\" src=\"https:\/\/www.ranasstall.se\/wp-content\/uploads\/coach2coach-omoss-300x90.jpg\" width=\"300\" height=\"90\" srcset=\"https:\/\/www.ranasstall.se\/wp-content\/uploads\/coach2coach-omoss-300x90.jpg 300w, https:\/\/www.ranasstall.se\/wp-content\/uploads\/coach2coach-omoss.jpg 700w\" sizes=\"auto, (max-width: 300px) 100vw, 300px\" \/><\/a><\/p>\n<p>Du kan boka coachning med mig. Ring!<\/p>\n","protected":false},"excerpt":{"rendered":"<p>P\u00e5 senare \u00e5r har jag intresserat mig mycket f\u00f6r coaching och jag \u00e4r en coachande tr\u00e4nare. Vintern 2012 blev jag Certifierad NLP Practitioner Trainer. \u00a0NLP utg\u00e5r ifr\u00e5n att du har alla de resurser du beh\u00f6ver f\u00f6r att utvecklas och n\u00e5 dit du vill. Med hj\u00e4lp av NLP tekniker f\u00e5r du hj\u00e4lp att anv\u00e4nda dina sinnen [&hellip;]<\/p>\n","protected":false},"author":2,"featured_media":0,"parent":0,"menu_order":59,"comment_status":"closed","ping_status":"closed","template":"","meta":{"footnotes":""},"class_list":["post-5689","page","type-page","status-publish","hentry"],"_links":{"self":[{"href":"https:\/\/www.ranasstall.se\/index.php?rest_route=\/wp\/v2\/pages\/5689","targetHints":{"allow":["GET"]}}],"collection":[{"href":"https:\/\/www.ranasstall.se\/index.php?rest_route=\/wp\/v2\/pages"}],"about":[{"href":"https:\/\/www.ranasstall.se\/index.php?rest_route=\/wp\/v2\/types\/page"}],"author":[{"embeddable":true,"href":"https:\/\/www.ranasstall.se\/index.php?rest_route=\/wp\/v2\/users\/2"}],"replies":[{"embeddable":true,"href":"https:\/\/www.ranasstall.se\/index.php?rest_route=%2Fwp%2Fv2%2Fcomments&post=5689"}],"version-history":[{"count":10,"href":"https:\/\/www.ranasstall.se\/index.php?rest_route=\/wp\/v2\/pages\/5689\/revisions"}],"predecessor-version":[{"id":7101,"href":"https:\/\/www.ranasstall.se\/index.php?rest_route=\/wp\/v2\/pages\/5689\/revisions\/7101"}],"wp:attachment":[{"href":"https:\/\/www.ranasstall.se\/index.php?rest_route=%2Fwp%2Fv2%2Fmedia&parent=5689"}],"curies":[{"name":"wp","href":"https:\/\/api.w.org\/{rel}","templated":true}]}}