{"id":212,"date":"2009-02-22T19:28:24","date_gmt":"2009-02-22T18:28:24","guid":{"rendered":"http:\/\/new.ranasstall.se\/?page_id=212"},"modified":"2022-02-14T15:42:22","modified_gmt":"2022-02-14T14:42:22","slug":"pytt-hamberg","status":"publish","type":"page","link":"https:\/\/www.ranasstall.se\/?page_id=212","title":{"rendered":"Pytt Hamberg"},"content":{"rendered":"<p>Pytt Hamberg<\/p>\n<p>Jag har varit C-tr\u00e4nare i dressyr i flera \u00e5r och hj\u00e4lpt flera ungdomar fr\u00e5n L\u00e4tt C till SM. Innan jag blev C-tr\u00e4nare arbetade jag p\u00e5 Djursholms Ridskola som instrukt\u00f6r och jag har g\u00e5tt ett par av de &#8220;gamla&#8221; RIK utbildningarna.<\/p>\n<p>P\u00e5 senare \u00e5r har jag intresserat mig mycket f\u00f6r coaching och jag \u00e4r en coachande tr\u00e4nare. Vintern 2012 blev jag Certifierad NLP Practitioner Trainer. \u00a0NLP utg\u00e5r ifr\u00e5n att du har alla de resurser du beh\u00f6ver f\u00f6r att utvecklas och n\u00e5 dit du vill.<\/p>\n<p>Med hj\u00e4lp av NLP tekniker f\u00e5r du hj\u00e4lp att anv\u00e4nda dina sinnen och din hj\u00e4rna f\u00f6r att n\u00e5 det du vill ha ut av livet.<\/p>\n<p><a href=\"https:\/\/www.ranasstall.se\/wp-content\/uploads\/IMG_0999.jpg\"><img loading=\"lazy\" decoding=\"async\" class=\"alignleft size-medium wp-image-4560\" title=\"IMG_0999\" src=\"https:\/\/www.ranasstall.se\/wp-content\/uploads\/IMG_0999-300x221.jpg\" alt=\"\" width=\"300\" height=\"221\" srcset=\"https:\/\/www.ranasstall.se\/wp-content\/uploads\/IMG_0999-300x221.jpg 300w, https:\/\/www.ranasstall.se\/wp-content\/uploads\/IMG_0999-1024x755.jpg 1024w, https:\/\/www.ranasstall.se\/wp-content\/uploads\/IMG_0999.jpg 1038w\" sizes=\"auto, (max-width: 300px) 100vw, 300px\" \/><\/a><\/p>\n<p>Det g\u00e5r bra att boka individuella tr\u00e4ningar. P\u00e5 f\u00f6rsta sidan ser du vilka dagar som finns tillg\u00e4ngliga. Om ingen dag passar kontakta mig via mail s\u00e5 hittar vi ett datum och en tid som passar. \u00a0Det b\u00e4sta \u00e4r om du ridit fram och v\u00e4rmt upp din h\u00e4st innan vi b\u00f6rjar lektionen. \u00a0 \u00a0 \u00a0 \u00a0 De individuella tr\u00e4ningarna kostar; 30 minuter 450 kronor, 6% moms ing\u00e5r. 45 minuter 675 kronor, 6% moms ing\u00e5r. Ingen kontant betalning. Jag fakturerar alla tr\u00e4ningar den sista i varje m\u00e5nad med 10 dagars betalningsvillkor. Ni som bokar fast tid och betalar i f\u00f6rskott, de perioder det \u00e4r m\u00f6jligt betalar 400 kr f\u00f6r 30 minuter.<\/p>\n<p>Ibland \u00e4r det programtr\u00e4ning p\u00e5 lite annorlunda s\u00e4tt inspiration h\u00e4mtad fr\u00e5n Tyskland.<\/p>\n<p>Ibland \u00e4r det markarbete. Markarbetet sker i grupp om ca 4-6 ryttare och vi h\u00e5ller p\u00e5 en timme.<\/p>\n<p><strong>\u00a0<\/strong><\/p>\n<p style=\"margin-bottom: 0cm;\"><span style=\"font-size: medium;\"><strong>\u00a0<\/strong><\/span><\/p>\n<p style=\"margin-bottom: 0cm;\">\n","protected":false},"excerpt":{"rendered":"<p>Pytt Hamberg Jag har varit C-tr\u00e4nare i dressyr i flera \u00e5r och hj\u00e4lpt flera ungdomar fr\u00e5n L\u00e4tt C till SM. Innan jag blev C-tr\u00e4nare arbetade jag p\u00e5 Djursholms Ridskola som instrukt\u00f6r och jag har g\u00e5tt ett par av de &#8220;gamla&#8221; RIK utbildningarna. P\u00e5 senare \u00e5r har jag intresserat mig mycket f\u00f6r coaching och jag \u00e4r [&hellip;]<\/p>\n","protected":false},"author":2,"featured_media":0,"parent":38,"menu_order":0,"comment_status":"closed","ping_status":"closed","template":"","meta":{"footnotes":""},"class_list":["post-212","page","type-page","status-publish","hentry"],"_links":{"self":[{"href":"https:\/\/www.ranasstall.se\/index.php?rest_route=\/wp\/v2\/pages\/212","targetHints":{"allow":["GET"]}}],"collection":[{"href":"https:\/\/www.ranasstall.se\/index.php?rest_route=\/wp\/v2\/pages"}],"about":[{"href":"https:\/\/www.ranasstall.se\/index.php?rest_route=\/wp\/v2\/types\/page"}],"author":[{"embeddable":true,"href":"https:\/\/www.ranasstall.se\/index.php?rest_route=\/wp\/v2\/users\/2"}],"replies":[{"embeddable":true,"href":"https:\/\/www.ranasstall.se\/index.php?rest_route=%2Fwp%2Fv2%2Fcomments&post=212"}],"version-history":[{"count":42,"href":"https:\/\/www.ranasstall.se\/index.php?rest_route=\/wp\/v2\/pages\/212\/revisions"}],"predecessor-version":[{"id":16201,"href":"https:\/\/www.ranasstall.se\/index.php?rest_route=\/wp\/v2\/pages\/212\/revisions\/16201"}],"up":[{"embeddable":true,"href":"https:\/\/www.ranasstall.se\/index.php?rest_route=\/wp\/v2\/pages\/38"}],"wp:attachment":[{"href":"https:\/\/www.ranasstall.se\/index.php?rest_route=%2Fwp%2Fv2%2Fmedia&parent=212"}],"curies":[{"name":"wp","href":"https:\/\/api.w.org\/{rel}","templated":true}]}}