{"id":18202,"date":"2023-12-26T17:30:18","date_gmt":"2023-12-26T16:30:18","guid":{"rendered":"https:\/\/www.ranasstall.se\/?page_id=18202"},"modified":"2024-03-30T11:18:42","modified_gmt":"2024-03-30T10:18:42","slug":"faren","status":"publish","type":"page","link":"https:\/\/www.ranasstall.se\/?page_id=18202","title":{"rendered":"F\u00e5ren"},"content":{"rendered":"\n<p>GOTLANDSF\u00c5R<\/p>\n\n\n\n<p>\u00c5ret<\/p>\n\n\n\n<p>V\u00e5ra lamm f\u00f6ds vanligtvis under april m\u00e5nad. Tackor av Gotlandsf\u00e5r har l\u00e4tt att lamma och alla v\u00e5ra tackor \u00e4r duktiga mammor och tar fint hand om sina lamm. Fr\u00e5n tv\u00e5 \u00e5rs \u00e5lder f\u00f6der tackorna oftast tv\u00e5 lamm, men trillingar \u00e4r inte helt ovanligt.\u00a0H\u00e4r \u00e4r v\u00e5r f\u00f6rstf\u00f6dda Skalleper helt ny.<\/p>\n\n\n\n<figure class=\"wp-block-image size-full\"><a href=\"https:\/\/www.ranasstall.se\/wp-content\/uploads\/IMG_0120.jpg\"><img loading=\"lazy\" decoding=\"async\" width=\"631\" height=\"640\" src=\"https:\/\/www.ranasstall.se\/wp-content\/uploads\/IMG_0120.jpg\" alt=\"\" class=\"wp-image-18527\" srcset=\"https:\/\/www.ranasstall.se\/wp-content\/uploads\/IMG_0120.jpg 631w, https:\/\/www.ranasstall.se\/wp-content\/uploads\/IMG_0120-296x300.jpg 296w\" sizes=\"auto, (max-width: 631px) 100vw, 631px\" \/><\/a><\/figure>\n\n\n\n<p><\/p>\n\n\n\n<p>\u00a0N\u00e4r de f\u00f6ds \u00e4r de svarta men under sommaren ljusnar de och blir gr\u00e5 i olika nyanser. I maj sl\u00e4pper vi ut dem p\u00e5 sommarbete. <\/p>\n\n\n\n\n\n<p>Tackorna \u00e4r tama och vi leder dem i koppel till sommarhagen.<\/p>\n\n\n\n<figure class=\"wp-block-image size-full\"><a href=\"https:\/\/www.ranasstall.se\/wp-content\/uploads\/IMG_6491-rotated.jpg\"><img loading=\"lazy\" decoding=\"async\" width=\"481\" height=\"640\" src=\"https:\/\/www.ranasstall.se\/wp-content\/uploads\/IMG_6491-rotated.jpg\" alt=\"\" class=\"wp-image-18531\" srcset=\"https:\/\/www.ranasstall.se\/wp-content\/uploads\/IMG_6491-rotated.jpg 481w, https:\/\/www.ranasstall.se\/wp-content\/uploads\/IMG_6491-225x300.jpg 225w\" sizes=\"auto, (max-width: 481px) 100vw, 481px\" \/><\/a><\/figure>\n\n\n\n<figure class=\"wp-block-image size-full\"><a href=\"https:\/\/www.ranasstall.se\/wp-content\/uploads\/IMG_6497-rotated.jpg\"><img loading=\"lazy\" decoding=\"async\" width=\"480\" height=\"640\" src=\"https:\/\/www.ranasstall.se\/wp-content\/uploads\/IMG_6497-rotated.jpg\" alt=\"\" class=\"wp-image-18528\" srcset=\"https:\/\/www.ranasstall.se\/wp-content\/uploads\/IMG_6497-rotated.jpg 480w, https:\/\/www.ranasstall.se\/wp-content\/uploads\/IMG_6497-225x300.jpg 225w\" sizes=\"auto, (max-width: 480px) 100vw, 480px\" \/><\/a><\/figure>\n\n\n\n<p> Lammen brukar det vara lugnast att b\u00e4ra.<\/p>\n\n\n\n<figure class=\"wp-block-image size-full\"><a href=\"https:\/\/www.ranasstall.se\/wp-content\/uploads\/IMG_6496-1-rotated.jpg\"><img loading=\"lazy\" decoding=\"async\" width=\"480\" height=\"640\" src=\"https:\/\/www.ranasstall.se\/wp-content\/uploads\/IMG_6496-1-rotated.jpg\" alt=\"\" class=\"wp-image-18529\" srcset=\"https:\/\/www.ranasstall.se\/wp-content\/uploads\/IMG_6496-1-rotated.jpg 480w, https:\/\/www.ranasstall.se\/wp-content\/uploads\/IMG_6496-1-225x300.jpg 225w\" sizes=\"auto, (max-width: 480px) 100vw, 480px\" \/><\/a><\/figure>\n\n\n\n<p> <\/p>\n\n\n\n<figure class=\"wp-block-image size-full\"><a href=\"https:\/\/www.ranasstall.se\/wp-content\/uploads\/IMG_6500-rotated.jpg\"><img loading=\"lazy\" decoding=\"async\" width=\"480\" height=\"640\" src=\"https:\/\/www.ranasstall.se\/wp-content\/uploads\/IMG_6500-rotated.jpg\" alt=\"\" class=\"wp-image-18532\" srcset=\"https:\/\/www.ranasstall.se\/wp-content\/uploads\/IMG_6500-rotated.jpg 480w, https:\/\/www.ranasstall.se\/wp-content\/uploads\/IMG_6500-225x300.jpg 225w\" sizes=\"auto, (max-width: 480px) 100vw, 480px\" \/><\/a><\/figure>\n\n\n\n<p>Hela flocken g\u00e5r tillsammans fram till september, d\u00e5 f\u00e5r baggen flytta \u00f6ver till vintervistet. Tackorna och lammen g\u00e5r kvar i sommarhagen fram till oktober m\u00e5nad. I oktober \u00e4r det dags f\u00f6r slakt och klippning av p\u00e4lsen. Tackorna g\u00e5r sedan in i vinterhagen, d\u00e4r de f\u00e5r tr\u00e4ffa baggen igen. Under vintern h\u00e4nder inte s\u00e5 mycket. Tackorna \u00e4r dr\u00e4ktiga och v\u00e4xer och \u00e4ter och v\u00e4xer. I mars klipps de igen.<\/p>\n\n\n\n<p>V\u00e5r m\u00f6rkaste tacka \u00e4r Twenty. Hon \u00e4r m\u00f6rkt, m\u00f6rkt gr\u00e5, n\u00e4stan svart.&nbsp;<\/p>\n\n\n\n<p>V\u00e5r ljusaste tacka \u00e4r. .&nbsp;<\/p>\n\n\n\n<p>Stj\u00e4rna \u00e4r v\u00e5r tacka med en liten vit stj\u00e4rn.<\/p>\n\n\n\n<p>Gammelmormor \u00e4r vis och klok och den b\u00e4sta flockledaren man kan t\u00e4nka sig.<\/p>\n\n\n\n<p>Mimmi \u00e4r lika klok som sin mamma Gammelmormor. Hon kommer med st\u00f6rsta sannolikhet att ta \u00f6ver ledarskapet s\u00e5 sm\u00e5ningom.&nbsp;<\/p>\n\n\n\n<p>Skalleper och Mimmis dotter och en riktig s\u00f6tnos. Hon \u00e4r v\u00e5r keligaste och tamaste tacka.<\/p>\n\n\n\n<p>H\u00e4r kan du l\u00e4sa mer om Gotlandsf\u00e5ret<br><a href=\"http:\/\/www.silverlock.se\/14\/1\/hem\/\" target=\"_blank\" rel=\"noreferrer noopener\">Gotlandsf\u00e5rsf\u00f6reningen<\/a><br><\/p>\n\n\n\n<p>Gotlandsf\u00e5ret kommer s\u00e5klart fr\u00e5n Gotland, d\u00e4r det gotl\u00e4ndska uteg\u00e5ngsf\u00e5ret ligger bakom. Man har sedan avlat fram ett f\u00e5r med utm\u00e4rkt p\u00e4lskvalit\u00e9 och gott k\u00f6tt.&nbsp;<\/p>\n\n\n\n<p>K\u00f6ttet fr\u00e5n Gotlandslammen h\u00e5ller h\u00f6g kvalitet. Det \u00e4r m\u00f6rt och smakligt och h\u00e4vdar sig v\u00e4l i j\u00e4mf\u00f6relse med k\u00f6tt fr\u00e5n andra f\u00e5rraser. I oktober varje \u00e5r finns det lamml\u00e5dor att k\u00f6pa.<\/p>\n\n\n\n<p>P\u00e4ls<\/p>\n\n\n\n<p>Gotlandsf\u00e5ren har en helt unik p\u00e4ls med l\u00e5nga, klara, glansiga lockar. Skinnen \u00e4r vackra och attraktiva. Vi bereder v\u00e5ra skinn i olika h\u00e5rl\u00e4ngder.<\/p>\n\n\n\n<p>Av ullen spinner vi garn. Du kan k\u00f6pa garn av oss.<\/p>\n","protected":false},"excerpt":{"rendered":"<p>GOTLANDSF\u00c5R \u00c5ret V\u00e5ra lamm f\u00f6ds vanligtvis under april m\u00e5nad. Tackor av Gotlandsf\u00e5r har l\u00e4tt att lamma och alla v\u00e5ra tackor \u00e4r duktiga mammor och tar fint hand om sina lamm. Fr\u00e5n tv\u00e5 \u00e5rs \u00e5lder f\u00f6der tackorna oftast tv\u00e5 lamm, men trillingar \u00e4r inte helt ovanligt.\u00a0H\u00e4r \u00e4r v\u00e5r f\u00f6rstf\u00f6dda Skalleper helt ny. \u00a0N\u00e4r de f\u00f6ds \u00e4r [&hellip;]<\/p>\n","protected":false},"author":2,"featured_media":0,"parent":0,"menu_order":61,"comment_status":"closed","ping_status":"closed","template":"","meta":{"footnotes":""},"class_list":["post-18202","page","type-page","status-publish","hentry"],"_links":{"self":[{"href":"https:\/\/www.ranasstall.se\/index.php?rest_route=\/wp\/v2\/pages\/18202","targetHints":{"allow":["GET"]}}],"collection":[{"href":"https:\/\/www.ranasstall.se\/index.php?rest_route=\/wp\/v2\/pages"}],"about":[{"href":"https:\/\/www.ranasstall.se\/index.php?rest_route=\/wp\/v2\/types\/page"}],"author":[{"embeddable":true,"href":"https:\/\/www.ranasstall.se\/index.php?rest_route=\/wp\/v2\/users\/2"}],"replies":[{"embeddable":true,"href":"https:\/\/www.ranasstall.se\/index.php?rest_route=%2Fwp%2Fv2%2Fcomments&post=18202"}],"version-history":[{"count":6,"href":"https:\/\/www.ranasstall.se\/index.php?rest_route=\/wp\/v2\/pages\/18202\/revisions"}],"predecessor-version":[{"id":18534,"href":"https:\/\/www.ranasstall.se\/index.php?rest_route=\/wp\/v2\/pages\/18202\/revisions\/18534"}],"wp:attachment":[{"href":"https:\/\/www.ranasstall.se\/index.php?rest_route=%2Fwp%2Fv2%2Fmedia&parent=18202"}],"curies":[{"name":"wp","href":"https:\/\/api.w.org\/{rel}","templated":true}]}}