{"id":14523,"date":"2020-01-13T13:57:42","date_gmt":"2020-01-13T12:57:42","guid":{"rendered":"http:\/\/www.ranasstall.se\/?page_id=14523"},"modified":"2020-01-13T13:57:42","modified_gmt":"2020-01-13T12:57:42","slug":"integritetspolicy","status":"publish","type":"page","link":"https:\/\/www.ranasstall.se\/?page_id=14523","title":{"rendered":"Integritetspolicy"},"content":{"rendered":"<p>Integritetspolicy och GDPR p\u00e5 R\u00e5n\u00e4s Stall &amp; Semin, Pytt Hamberg Dressyr.<\/p>\n<p>R\u00e5n\u00e4s Stall &amp; Semin \u00e4r en enskild firma som i huvudsak arbetar med tr\u00e4ning av elever med egen h\u00e4st, seminverksamhet, uppstallning och utbildning av h\u00e4star.<\/p>\n<ul>\n<li>R\u00e5n\u00e4s Stall har ett fakturerings- och journalprogram som heter Hippogrammet. I det lagras kunders namn och adressuppgifter. D\u00e4r lagras \u00e4ven journaler f\u00f6r h\u00e4starna.<\/li>\n<li>En \u00e5rlig bed\u00f6mning av kontakterna i kundregistret, om n\u00e5got syfte med lagringsuppgifterna kan p\u00e5visas g\u00f6rs.<\/li>\n<li>De kunder som finns i registret bearbetas regelbundet i samband med tillhandah\u00e5llande av tj\u00e4nster.<\/li>\n<li>Fakturor och journaler lagras enligt bokf\u00f6ringslagen och djurskyddslagen.<\/li>\n<\/ul>\n<h3>Vilka delas personuppgifterna till?<\/h3>\n<p>N\u00e4r semin best\u00e4lls fr\u00e5n hingsth\u00e5llare, delas personuppgifter p\u00e5 sto\u00e4garen\/spr\u00e5ng\u00e4garen till hingsth\u00e5llaren. \u00d6vrig delning sker ej.<\/p>\n<h3>Vilka r\u00e4ttigheter har du?<\/h3>\n<p>De som finns i v\u00e5rt register kan n\u00e4rsomhelst ut\u00f6va sina r\u00e4ttigheter genom att beg\u00e4ra tillg\u00e5ng till, r\u00e4ttelse av eller radering av personuppgift. Detta sker genom ett mail till\u00a0<a href=\"mailto:pytt@ranasstall.se\">pytt@ranasstall.se<\/a>.<\/p>\n","protected":false},"excerpt":{"rendered":"<p>Integritetspolicy och GDPR p\u00e5 R\u00e5n\u00e4s Stall &amp; Semin, Pytt Hamberg Dressyr. R\u00e5n\u00e4s Stall &amp; Semin \u00e4r en enskild firma som i huvudsak arbetar med tr\u00e4ning av elever med egen h\u00e4st, seminverksamhet, uppstallning och utbildning av h\u00e4star. R\u00e5n\u00e4s Stall har ett fakturerings- och journalprogram som heter Hippogrammet. I det lagras kunders namn och adressuppgifter. D\u00e4r lagras [&hellip;]<\/p>\n","protected":false},"author":3,"featured_media":0,"parent":0,"menu_order":100,"comment_status":"closed","ping_status":"closed","template":"","meta":{"footnotes":""},"class_list":["post-14523","page","type-page","status-publish","hentry"],"_links":{"self":[{"href":"https:\/\/www.ranasstall.se\/index.php?rest_route=\/wp\/v2\/pages\/14523","targetHints":{"allow":["GET"]}}],"collection":[{"href":"https:\/\/www.ranasstall.se\/index.php?rest_route=\/wp\/v2\/pages"}],"about":[{"href":"https:\/\/www.ranasstall.se\/index.php?rest_route=\/wp\/v2\/types\/page"}],"author":[{"embeddable":true,"href":"https:\/\/www.ranasstall.se\/index.php?rest_route=\/wp\/v2\/users\/3"}],"replies":[{"embeddable":true,"href":"https:\/\/www.ranasstall.se\/index.php?rest_route=%2Fwp%2Fv2%2Fcomments&post=14523"}],"version-history":[{"count":5,"href":"https:\/\/www.ranasstall.se\/index.php?rest_route=\/wp\/v2\/pages\/14523\/revisions"}],"predecessor-version":[{"id":14528,"href":"https:\/\/www.ranasstall.se\/index.php?rest_route=\/wp\/v2\/pages\/14523\/revisions\/14528"}],"wp:attachment":[{"href":"https:\/\/www.ranasstall.se\/index.php?rest_route=%2Fwp%2Fv2%2Fmedia&parent=14523"}],"curies":[{"name":"wp","href":"https:\/\/api.w.org\/{rel}","templated":true}]}}