{"id":11,"date":"2009-02-21T14:57:36","date_gmt":"2009-02-21T13:57:36","guid":{"rendered":"http:\/\/new.ranasstall.se\/?page_id=11"},"modified":"2026-04-20T17:51:55","modified_gmt":"2026-04-20T16:51:55","slug":"hem","status":"publish","type":"page","link":"https:\/\/www.ranasstall.se\/","title":{"rendered":"Hem"},"content":{"rendered":"\n<p>R\u00e5n\u00e4s stall har blivit \u00e5terf\u00f6rs\u00e4ljare av RS Mustang Stallstr\u00f6 och Foder.<\/p>\n\n\n\n<p>Du hittar mer information om produkterna p\u00e5 <a href=\"https:\/\/rsmustang.se\">https:\/\/rsmustang.se<\/a><\/p>\n\n\n\n<p class=\"has-vivid-green-cyan-color has-text-color has-link-color wp-elements-c4983a01aae9ce71dd4698688d9b1a13\"><strong>APRIL<\/strong><\/p>\n\n\n\n<p>s\u00f6 19 Siri m\u00e4rsta<\/p>\n\n\n\n<p><strong>Torsdag 23<\/strong> Individuella tr\u00e4ningar. 17.30 Ella, 18.00 Julie, 18.30 Siri, 19.00 Julie, 19.30 Maja<\/p>\n\n\n\n<figure class=\"wp-block-image size-full\"><a href=\"https:\/\/www.ranasstall.se\/wp-content\/uploads\/images-1-2.jpeg\"><img loading=\"lazy\" decoding=\"async\" width=\"140\" height=\"140\" src=\"https:\/\/www.ranasstall.se\/wp-content\/uploads\/images-1-2.jpeg\" alt=\"\" class=\"wp-image-19952\"\/><\/a><\/figure>\n\n\n\n<p class=\"has-vivid-green-cyan-color has-text-color has-link-color wp-elements-ef979562593817cbc22f8c8a3c6245c0\"><strong>S\u00f6ndag den 26 april.<\/strong> Fixardag inf\u00f6r t\u00e4vlingen. Vi tr\u00e4ffas kl 12.00. Grillar korv och sedan k\u00f6r vi ig\u00e5ng med st\u00e4dning och f\u00f6rberedelser inf\u00f6r t\u00e4vlingen.<\/p>\n\n\n\n<figure class=\"wp-block-image size-full\"><a href=\"https:\/\/www.ranasstall.se\/wp-content\/uploads\/images-13.jpeg\"><img loading=\"lazy\" decoding=\"async\" width=\"98\" height=\"140\" src=\"https:\/\/www.ranasstall.se\/wp-content\/uploads\/images-13.jpeg\" alt=\"\" class=\"wp-image-19953\"\/><\/a><\/figure>\n\n\n\n<p><strong>Onsdag 29<\/strong> Individuella tr\u00e4ningar. 17.30 Siri, 18.00 Elly, 18.30 Maja, 19.00 Saga<\/p>\n\n\n\n<figure class=\"wp-block-gallery has-nested-images columns-default is-cropped wp-block-gallery-1 is-layout-flex wp-block-gallery-is-layout-flex\">\n<figure class=\"wp-block-image size-large\"><a href=\"https:\/\/www.ranasstall.se\/wp-content\/uploads\/images-kopia-2.jpeg\"><img loading=\"lazy\" decoding=\"async\" width=\"310\" height=\"163\" data-id=\"19861\" src=\"https:\/\/www.ranasstall.se\/wp-content\/uploads\/images-kopia-2.jpeg\" alt=\"\" class=\"wp-image-19861\" srcset=\"https:\/\/www.ranasstall.se\/wp-content\/uploads\/images-kopia-2.jpeg 310w, https:\/\/www.ranasstall.se\/wp-content\/uploads\/images-kopia-2-300x158.jpeg 300w\" sizes=\"auto, (max-width: 310px) 100vw, 310px\" \/><\/a><\/figure>\n<\/figure>\n\n\n\n<p>Torsdag 30 Valborg. Inga tr\u00e4ningar. <\/p>\n\n\n\n<p class=\"has-luminous-vivid-orange-color has-text-color has-link-color wp-elements-5d00c10421c01ebffa4b945075e30db4\"><strong>MAJ<\/strong><\/p>\n\n\n\n<p><strong>2-3 maj <\/strong>1* 2* och 3* Ponny Dressyr h\u00e4r p\u00e5 R\u00e5n\u00e4s<\/p>\n\n\n\n<p><\/p>\n\n\n\n<p class=\"has-vivid-green-cyan-color has-text-color has-link-color wp-elements-1da4167605494993a778f95f595c0363\"><strong>9-10 maj Kumla har t\u00e4vlingar<\/strong><\/p>\n\n\n\n<figure class=\"wp-block-image size-full\"><a href=\"https:\/\/www.ranasstall.se\/wp-content\/uploads\/e2c2bf114bea8c64d615a642c85aadc8.png\"><img loading=\"lazy\" decoding=\"async\" width=\"88\" height=\"88\" src=\"https:\/\/www.ranasstall.se\/wp-content\/uploads\/e2c2bf114bea8c64d615a642c85aadc8.png\" alt=\"\" class=\"wp-image-19843\"\/><\/a><\/figure>\n\n\n\n<p><strong>SM vecka<\/strong><\/p>\n\n\n\n<figure class=\"wp-block-image size-full\"><a href=\"https:\/\/www.ranasstall.se\/wp-content\/uploads\/Unknown-23.jpeg\"><img loading=\"lazy\" decoding=\"async\" width=\"304\" height=\"166\" src=\"https:\/\/www.ranasstall.se\/wp-content\/uploads\/Unknown-23.jpeg\" alt=\"\" class=\"wp-image-18668\" srcset=\"https:\/\/www.ranasstall.se\/wp-content\/uploads\/Unknown-23.jpeg 304w, https:\/\/www.ranasstall.se\/wp-content\/uploads\/Unknown-23-300x164.jpeg 300w\" sizes=\"auto, (max-width: 304px) 100vw, 304px\" \/><\/a><\/figure>\n\n\n\n<p>SM f\u00f6r alla p\u00e5 Grevag\u00e5rden<\/p>\n\n\n\n<p><\/p>\n\n\n\n<p><strong>Onsdag 21<\/strong> Individuella tr\u00e4ningar. 17.30 Siri, 18.00 Elly, 18.30 Maja<\/p>\n\n\n\n<p><strong>Torsdag 22<\/strong> Individuella tr\u00e4ningar. 17.30 Ella, 18.00 Siri, 18.30 Ella<\/p>\n\n\n\n<p><strong>Onsdag 28<\/strong> Individuella tr\u00e4ningar. 17.30 Siri, 18.00 Elly, 18.30 Maja<\/p>\n\n\n\n<p><strong>Torsdag 29<\/strong> Individuella tr\u00e4ningar. 17.30 Ella, 18.00 Siri, 18.30 Ella<\/p>\n\n\n\n<p class=\"has-vivid-purple-color has-text-color has-link-color wp-elements-d9a668a391b29b5f37348b9bd386f5e0\"><strong>30-31 maj V\u00e4sterviksortens Ryttarf\u00f6rening har t\u00e4vlingar. <\/strong>En superfin t\u00e4vlingsplats och bra uppstallning. <\/p>\n\n\n\n<figure class=\"wp-block-image size-full\"><a href=\"https:\/\/www.ranasstall.se\/wp-content\/uploads\/768c077cac7d84099fc9c7e4af10f42e.png\"><img loading=\"lazy\" decoding=\"async\" width=\"192\" height=\"192\" src=\"https:\/\/www.ranasstall.se\/wp-content\/uploads\/768c077cac7d84099fc9c7e4af10f42e.png\" alt=\"\" class=\"wp-image-19960\" srcset=\"https:\/\/www.ranasstall.se\/wp-content\/uploads\/768c077cac7d84099fc9c7e4af10f42e.png 192w, https:\/\/www.ranasstall.se\/wp-content\/uploads\/768c077cac7d84099fc9c7e4af10f42e-150x150.png 150w\" sizes=\"auto, (max-width: 192px) 100vw, 192px\" \/><\/a><\/figure>\n\n\n\n<p> <\/p>\n\n\n\n<figure class=\"wp-block-gallery has-nested-images columns-default is-cropped wp-block-gallery-2 is-layout-flex wp-block-gallery-is-layout-flex\"><\/figure>\n\n\n\n<p class=\"has-vivid-green-cyan-color has-text-color has-link-color wp-elements-4bca6312f8f3bb472e60fb59a949639e\"><strong>Nu \u00e4r det sommar. Tr\u00e4ningar bokas fr\u00e5n vecka till vecka.<\/strong><\/p>\n\n\n\n<p class=\"has-vivid-purple-color has-text-color has-link-color wp-elements-b82a13995124013c5993e106f94666e1\"><strong>JUNI<\/strong><\/p>\n\n\n\n<p><\/p>\n\n\n\n<figure class=\"wp-block-gallery has-nested-images columns-default is-cropped wp-block-gallery-3 is-layout-flex wp-block-gallery-is-layout-flex\"><\/figure>\n\n\n\n<p><\/p>\n\n\n\n<p><\/p>\n\n\n\n<p class=\"has-pale-pink-color has-text-color has-link-color wp-elements-b43a20702f7f0a51a9c06bd1e87decc6\"><strong>JULI<\/strong><\/p>\n\n\n\n<p><\/p>\n\n\n\n<p class=\"has-vivid-green-cyan-color has-text-color has-link-color wp-elements-d0e678a0c45b2b3c3f20765b81d73ce2\"><strong>AUGUSTI<\/strong><\/p>\n\n\n\n<p class=\"has-luminous-vivid-amber-color has-text-color has-link-color wp-elements-92f9fa15763f275534c2006b585a191a\"><strong>SEPTEMBER<\/strong><\/p>\n\n\n\n<p class=\"has-cyan-bluish-gray-color has-text-color has-link-color wp-elements-d8125c924906a275c295fe006ae06454\"><strong>OKTOBER<\/strong><\/p>\n\n\n\n<p><\/p>\n\n\n\n<p><\/p>\n\n\n\n<figure class=\"wp-block-image size-large\"><a href=\"https:\/\/www.ranasstall.se\/wp-content\/uploads\/Dio-JPG-scaled.jpg\"><img loading=\"lazy\" decoding=\"async\" width=\"1024\" height=\"820\" src=\"https:\/\/www.ranasstall.se\/wp-content\/uploads\/Dio-JPG-1024x820.jpg\" alt=\"\" class=\"wp-image-19080\" srcset=\"https:\/\/www.ranasstall.se\/wp-content\/uploads\/Dio-JPG-1024x820.jpg 1024w, https:\/\/www.ranasstall.se\/wp-content\/uploads\/Dio-JPG-300x240.jpg 300w, https:\/\/www.ranasstall.se\/wp-content\/uploads\/Dio-JPG-768x615.jpg 768w, https:\/\/www.ranasstall.se\/wp-content\/uploads\/Dio-JPG-1536x1230.jpg 1536w, https:\/\/www.ranasstall.se\/wp-content\/uploads\/Dio-JPG-2048x1640.jpg 2048w\" sizes=\"auto, (max-width: 1024px) 100vw, 1024px\" \/><\/a><\/figure>\n\n\n\n<h3 class=\"wp-block-heading\">Kort om Pytt<\/h3>\n\n\n\n<p>Pytt \u00e4r utbildad C-tr\u00e4nare i dressyr och Cetifierad NLP-Practitioner. Pytt \u00e4ger och driver R\u00e5n\u00e4s Stall sedan 2000. Pytt \u00e4r uppvuxen p\u00e5 Djursholms Ridskola och d\u00e4rf\u00f6r fostrad i andan av Fanjunkare Johansson, Jana Wannius och KG Svensson. Pytt har jobbat som ridl\u00e4rare och som l\u00e4rare och rektor i \u201dvanliga skolan\u201d i&nbsp; m\u00e5nga \u00e5r. Vid \u00e5rsskiftet 2009 s\u00e5lde hon friskolan och arbetar sedan dess enbart med h\u00e4star, tr\u00e4ning och mental coachning.<\/p>\n\n\n\n<figure class=\"wp-block-image size-large\"><a href=\"https:\/\/www.ranasstall.se\/wp-content\/uploads\/IMG_0232-2-scaled.jpg\"><img loading=\"lazy\" decoding=\"async\" width=\"768\" height=\"1024\" src=\"https:\/\/www.ranasstall.se\/wp-content\/uploads\/IMG_0232-2-768x1024.jpg\" alt=\"\" class=\"wp-image-19083\" srcset=\"https:\/\/www.ranasstall.se\/wp-content\/uploads\/IMG_0232-2-768x1024.jpg 768w, https:\/\/www.ranasstall.se\/wp-content\/uploads\/IMG_0232-2-225x300.jpg 225w, https:\/\/www.ranasstall.se\/wp-content\/uploads\/IMG_0232-2-1152x1536.jpg 1152w, https:\/\/www.ranasstall.se\/wp-content\/uploads\/IMG_0232-2-1536x2048.jpg 1536w, https:\/\/www.ranasstall.se\/wp-content\/uploads\/IMG_0232-2-scaled.jpg 1920w\" sizes=\"auto, (max-width: 768px) 100vw, 768px\" \/><\/a><\/figure>\n\n\n\n<p><strong>Kort om g\u00e5rden<\/strong><\/p>\n\n\n\n<p>G\u00e5rden ligger vackert bel\u00e4gen vid sj\u00f6n Skedviken i Roslagen. G\u00e5rden \u00e4r p\u00e5 75 ha, d\u00e5 ligger ca 50 av dem i sj\u00f6n. Just n\u00e4rheten till sj\u00f6n och den omv\u00e4xlande naturen med s\u00e5v\u00e4l berg som skogsdungar utg\u00f6r en fantastisk milj\u00f6 f\u00e5r s\u00e5v\u00e4l djur som m\u00e4nniskor. Vi tycker att det \u00e4r viktigt att v\u00e4rna om v\u00e5r n\u00e4rmilj\u00f6. Under sommaren 2024 byggde vi en fosfordamm i sommarhagen. Dess uppgift \u00e4r att f\u00e5nga upp \u00f6verfl\u00f6dig g\u00f6dning fr\u00e5n \u00e5krarna runtomkring. Dammen har byggts med investeringsst\u00f6d.<\/p>\n\n\n\n<figure class=\"wp-block-image size-full\"><a href=\"https:\/\/www.ranasstall.se\/wp-content\/uploads\/medfin-eu-4.jpg\"><img loading=\"lazy\" decoding=\"async\" width=\"400\" height=\"406\" src=\"https:\/\/www.ranasstall.se\/wp-content\/uploads\/medfin-eu-4.jpg\" alt=\"\" class=\"wp-image-19216\" srcset=\"https:\/\/www.ranasstall.se\/wp-content\/uploads\/medfin-eu-4.jpg 400w, https:\/\/www.ranasstall.se\/wp-content\/uploads\/medfin-eu-4-296x300.jpg 296w\" sizes=\"auto, (max-width: 400px) 100vw, 400px\" \/><\/a><\/figure>\n\n\n\n<h1 class=\"wp-block-heading\"><\/h1>\n\n\n\n<h3 class=\"wp-block-heading\"><\/h3>\n","protected":false},"excerpt":{"rendered":"<p>R\u00e5n\u00e4s stall har blivit \u00e5terf\u00f6rs\u00e4ljare av RS Mustang Stallstr\u00f6 och Foder. Du hittar mer information om produkterna p\u00e5 https:\/\/rsmustang.se APRIL s\u00f6 19 Siri m\u00e4rsta Torsdag 23 Individuella tr\u00e4ningar. 17.30 Ella, 18.00 Julie, 18.30 Siri, 19.00 Julie, 19.30 Maja S\u00f6ndag den 26 april. Fixardag inf\u00f6r t\u00e4vlingen. Vi tr\u00e4ffas kl 12.00. Grillar korv och sedan k\u00f6r vi [&hellip;]<\/p>\n","protected":false},"author":3,"featured_media":0,"parent":0,"menu_order":0,"comment_status":"closed","ping_status":"closed","template":"","meta":{"footnotes":""},"class_list":["post-11","page","type-page","status-publish","hentry"],"_links":{"self":[{"href":"https:\/\/www.ranasstall.se\/index.php?rest_route=\/wp\/v2\/pages\/11","targetHints":{"allow":["GET"]}}],"collection":[{"href":"https:\/\/www.ranasstall.se\/index.php?rest_route=\/wp\/v2\/pages"}],"about":[{"href":"https:\/\/www.ranasstall.se\/index.php?rest_route=\/wp\/v2\/types\/page"}],"author":[{"embeddable":true,"href":"https:\/\/www.ranasstall.se\/index.php?rest_route=\/wp\/v2\/users\/3"}],"replies":[{"embeddable":true,"href":"https:\/\/www.ranasstall.se\/index.php?rest_route=%2Fwp%2Fv2%2Fcomments&post=11"}],"version-history":[{"count":301,"href":"https:\/\/www.ranasstall.se\/index.php?rest_route=\/wp\/v2\/pages\/11\/revisions"}],"predecessor-version":[{"id":19964,"href":"https:\/\/www.ranasstall.se\/index.php?rest_route=\/wp\/v2\/pages\/11\/revisions\/19964"}],"wp:attachment":[{"href":"https:\/\/www.ranasstall.se\/index.php?rest_route=%2Fwp%2Fv2%2Fmedia&parent=11"}],"curies":[{"name":"wp","href":"https:\/\/api.w.org\/{rel}","templated":true}]}}